{"id":22770,"date":"2024-07-17T16:59:53","date_gmt":"2024-07-17T14:59:53","guid":{"rendered":"https:\/\/thefamilyoffice.ch\/nous-rejoindre\/"},"modified":"2024-07-17T16:59:53","modified_gmt":"2024-07-17T14:59:53","slug":"nous-rejoindre","status":"publish","type":"page","link":"https:\/\/thefamilyoffice.ch\/cs\/nous-rejoindre\/","title":{"rendered":"Nous Rejoindre"},"content":{"rendered":"<div class=\"wpb-content-wrapper\"><p>[vc_row][vc_column][vc_column_text css=&#8220;.vc_custom_1721229123493{margin-bottom: 50px !important;border-bottom-width: 150px !important;}&#8220;]<\/p>\n<div class=\"markdown prose w-full break-words dark:prose-invert dark\">\n<p>Rejoindre <strong>The Family Office<\/strong> signifie int\u00e9grer une structure prestigieuse et innovante, d\u00e9di\u00e9e \u00e0 la gestion des int\u00e9r\u00eats d&#8217;une famille unique. Voici quelques raisons pour lesquelles faire partie de notre \u00e9quipe est une opportunit\u00e9 exceptionnelle :<\/p>\n<\/div>\n<p>[\/vc_column_text][\/vc_column][\/vc_row][vc_row][vc_column width=&#8220;1\/2&#8243;][vc_column_text css=&#8220;&#8220;]<strong>Pourquoi The Family Office ?<\/strong>[\/vc_column_text][vc_column_text css=&#8220;&#8220;]<\/p>\n<h3>Un Environnement de Travail Stimulant<\/h3>\n<p>Chez The Family Office, vous \u00e9voluerez dans un cadre professionnel dynamique et stimulant, o\u00f9 chaque jour apporte son lot de d\u00e9fis passionnants et de nouvelles opportunit\u00e9s. Notre environnement de travail est con\u00e7u pour favoriser la collaboration, l&#8217;innovation et l&#8217;excellence.<\/p>\n<h3>D\u00e9veloppement Professionnel Continu<\/h3>\n<p>Nous croyons fermement en l&#8217;importance de la formation continue et du d\u00e9veloppement personnel. En rejoignant notre \u00e9quipe, vous aurez acc\u00e8s \u00e0 des programmes de formation r\u00e9guliers et \u00e0 des opportunit\u00e9s d&#8217;apprentissage qui vous permettront de d\u00e9velopper vos comp\u00e9tences et d&#8217;\u00e9largir vos connaissances.<\/p>\n<h3>Culture d&#8217;Excellence et de Confidentialit\u00e9<\/h3>\n<p>Nous nous engageons \u00e0 maintenir les plus hauts standards de confidentialit\u00e9 et d&#8217;excellence dans tous nos projets. Faire partie de The Family Office signifie adh\u00e9rer \u00e0 une culture de rigueur, de professionnalisme et de discr\u00e9tion, o\u00f9 chaque membre de l&#8217;\u00e9quipe joue un r\u00f4le cl\u00e9 dans le succ\u00e8s de notre mission.<\/p>\n<h3>\u00c9quilibre Travail-Vie Personnelle<\/h3>\n<p>Nous comprenons l&#8217;importance de l&#8217;\u00e9quilibre entre la vie professionnelle et la vie personnelle. C&#8217;est pourquoi nous offrons un environnement de travail flexible et des avantages qui vous permettent de maintenir cet \u00e9quilibre essentiel pour votre bien-\u00eatre et votre productivit\u00e9.<\/p>\n<h3>Esprit d&#8217;\u00c9quipe et Coh\u00e9sion<\/h3>\n<p>Chez The Family Office, nous valorisons l&#8217;esprit d&#8217;\u00e9quipe et la coh\u00e9sion. Vous travaillerez aux c\u00f4t\u00e9s de professionnels talentueux et passionn\u00e9s, dans une atmosph\u00e8re bienveillante et collaborative. Chaque succ\u00e8s est le r\u00e9sultat d&#8217;un effort collectif, et chaque membre de l&#8217;\u00e9quipe est reconnu pour sa contribution unique.<\/p>\n<h3>Mission Significative<\/h3>\n<p>En rejoignant The Family Office, vous participez \u00e0 une mission significative : prot\u00e9ger et faire fructifier le patrimoine d&#8217;une famille, tout en contribuant \u00e0 la r\u00e9alisation de leurs objectifs \u00e0 long terme. Vous aurez la satisfaction de savoir que votre travail a un impact direct et positif sur la vie.[\/vc_column_text][\/vc_column][vc_column width=&#8220;1\/2&#8243;][vc_column_text css=&#8220;&#8220;]<strong>Candidature Spontan\u00e9e ?<\/strong>[\/vc_column_text]\n<div class=\"wpcf7 no-js\" id=\"wpcf7-f16127-o1\" lang=\"\" dir=\"ltr\" data-wpcf7-id=\"16127\">\n<div class=\"screen-reader-response\"><p role=\"status\" aria-live=\"polite\" aria-atomic=\"true\"><\/p> <ul><\/ul><\/div>\n<form action=\"\/cs\/wp-json\/wp\/v2\/pages\/22770#wpcf7-f16127-o1\" method=\"post\" class=\"wpcf7-form init\" aria-label=\"Kontaktn\u00ed formul\u00e1\u0159\" enctype=\"multipart\/form-data\" novalidate=\"novalidate\" data-status=\"init\">\n<fieldset class=\"hidden-fields-container\"><input type=\"hidden\" name=\"_wpcf7\" value=\"16127\" \/><input type=\"hidden\" name=\"_wpcf7_version\" value=\"6.1.5\" \/><input type=\"hidden\" name=\"_wpcf7_locale\" value=\"\" \/><input type=\"hidden\" name=\"_wpcf7_unit_tag\" value=\"wpcf7-f16127-o1\" \/><input type=\"hidden\" name=\"_wpcf7_container_post\" value=\"0\" \/><input type=\"hidden\" name=\"_wpcf7_posted_data_hash\" value=\"\" \/><input type=\"hidden\" name=\"_wpcf7_recaptcha_response\" value=\"\" \/>\n<\/fieldset>\n<p><label> Votre nom<br \/>\n<span class=\"wpcf7-form-control-wrap\" data-name=\"your-name\"><input size=\"40\" maxlength=\"400\" class=\"wpcf7-form-control wpcf7-text wpcf7-validates-as-required\" autocomplete=\"name\" aria-required=\"true\" aria-invalid=\"false\" value=\"\" type=\"text\" name=\"your-name\" \/><\/span> <\/label>\n<\/p>\n<p><label> Votre e-mail<br \/>\n<span class=\"wpcf7-form-control-wrap\" data-name=\"your-email\"><input size=\"40\" maxlength=\"400\" class=\"wpcf7-form-control wpcf7-email wpcf7-validates-as-required wpcf7-text wpcf7-validates-as-email\" autocomplete=\"email\" aria-required=\"true\" aria-invalid=\"false\" value=\"\" type=\"email\" name=\"your-email\" \/><\/span> <\/label>\n<\/p>\n<p><label> Objet<br \/>\n<span class=\"wpcf7-form-control-wrap\" data-name=\"your-subject\"><input size=\"40\" maxlength=\"400\" class=\"wpcf7-form-control wpcf7-text\" aria-invalid=\"false\" value=\"\" type=\"text\" name=\"your-subject\" \/><\/span> <\/label>\n<\/p>\n<p><label> Votre message (facultatif)<br \/>\n<span class=\"wpcf7-form-control-wrap\" data-name=\"your-message\"><textarea cols=\"40\" rows=\"10\" maxlength=\"2000\" class=\"wpcf7-form-control wpcf7-textarea\" aria-invalid=\"false\" name=\"your-message\"><\/textarea><\/span> <\/label>\n<\/p>\n<p><label> Votre CV<br \/>\n<span class=\"wpcf7-form-control-wrap\" data-name=\"Cv\"><input size=\"40\" class=\"wpcf7-form-control wpcf7-file wpcf7-validates-as-required\" accept=\".pdf,.txt,.doc,.docx\" aria-required=\"true\" aria-invalid=\"false\" type=\"file\" name=\"Cv\" \/><\/span><\/label>\n<\/p>\n<p><label> Lettre de motivation<br \/>\n<span class=\"wpcf7-form-control-wrap\" data-name=\"Lettredemotivation\"><input size=\"40\" class=\"wpcf7-form-control wpcf7-file wpcf7-validates-as-required\" accept=\".pdf,.txt,.doc,.docx\" aria-required=\"true\" aria-invalid=\"false\" type=\"file\" name=\"Lettredemotivation\" \/><\/span><\/label>\n<\/p>\n<p><label> Documents complementaires<br \/>\n<span class=\"wpcf7-form-control-wrap\" data-name=\"Documentscomplementaires\"><input size=\"40\" class=\"wpcf7-form-control wpcf7-file\" accept=\".pdf,.txt,.doc,.docx\" aria-invalid=\"false\" type=\"file\" name=\"Documentscomplementaires\" \/><\/span><\/label>\n<\/p>\n<p><input class=\"wpcf7-form-control wpcf7-submit has-spinner\" type=\"submit\" value=\"Envoyer\" \/>\n<\/p><div class=\"wpcf7-response-output\" aria-hidden=\"true\"><\/div>\n<\/form>\n<\/div>\n[\/vc_column][\/vc_row]<\/p>\n<\/div>","protected":false},"excerpt":{"rendered":"<p>[vc_row][vc_column][vc_column_text css=&#8220;.vc_custom_1721229123493{margin-bottom: 50px !important;border-bottom-width: 150px !important;}&#8220;] Rejoindre The Family Office signifie int\u00e9grer une structure prestigieuse et innovante, d\u00e9di\u00e9e \u00e0 la gestion des int\u00e9r\u00eats d&#8217;une famille unique. Voici quelques raisons pour lesquelles faire partie de notre \u00e9quipe est une opportunit\u00e9 exceptionnelle : [\/vc_column_text][\/vc_column][\/vc_row][vc_row][vc_column width=&#8220;1\/2&#8243;][vc_column_text css=&#8220;&#8220;]Pourquoi The Family Office ?[\/vc_column_text][vc_column_text css=&#8220;&#8220;] Un Environnement de Travail Stimulant Chez&hellip;<\/p>\n","protected":false},"author":1,"featured_media":0,"parent":0,"menu_order":0,"comment_status":"closed","ping_status":"closed","template":"","meta":{"footnotes":""},"class_list":["post-22770","page","type-page","status-publish","hentry","description-off"],"yoast_head":"<!-- This site is optimized with the Yoast SEO Premium plugin v27.6 (Yoast SEO v27.6) - https:\/\/yoast.com\/product\/yoast-seo-premium-wordpress\/ -->\n<title>Nous Rejoindre - The Family Office | Conseil en Investissement et Patrimoine Prive en Suisse<\/title>\n<meta name=\"description\" content=\"Nous Rejoindre - The Family Office | Conseil en Investissement et Patrimoine Prive en Suisse\" \/>\n<meta name=\"robots\" content=\"index, follow, max-snippet:-1, max-image-preview:large, max-video-preview:-1\" \/>\n<link rel=\"canonical\" href=\"https:\/\/thefamilyoffice.ch\/cs\/nous-rejoindre\/\" \/>\n<meta name=\"twitter:card\" content=\"summary_large_image\" \/>\n<meta name=\"twitter:title\" content=\"Nous Rejoindre - The Family Office | Conseil en Investissement et Patrimoine Prive en Suisse\" \/>\n<meta name=\"twitter:description\" content=\"Nous Rejoindre - The Family Office | Conseil en Investissement et Patrimoine Prive en Suisse\" \/>\n<meta name=\"twitter:label1\" content=\"Odhadovan\u00e1 doba \u010dten\u00ed\" \/>\n\t<meta name=\"twitter:data1\" content=\"2 minuty\" \/>\n<script type=\"application\/ld+json\" class=\"yoast-schema-graph\">{\"@context\":\"https:\\\/\\\/schema.org\",\"@graph\":[{\"@type\":\"WebPage\",\"@id\":\"https:\\\/\\\/thefamilyoffice.ch\\\/cs\\\/nous-rejoindre\\\/\",\"url\":\"https:\\\/\\\/thefamilyoffice.ch\\\/cs\\\/nous-rejoindre\\\/\",\"name\":\"Nous Rejoindre - The Family Office | Conseil en Investissement et Patrimoine Prive en Suisse\",\"isPartOf\":{\"@id\":\"https:\\\/\\\/thefamilyoffice.ch\\\/cs\\\/#website\"},\"datePublished\":\"2024-07-17T14:59:53+00:00\",\"description\":\"Nous Rejoindre - The Family Office | Conseil en Investissement et Patrimoine Prive en Suisse\",\"breadcrumb\":{\"@id\":\"https:\\\/\\\/thefamilyoffice.ch\\\/cs\\\/nous-rejoindre\\\/#breadcrumb\"},\"inLanguage\":\"cs\",\"potentialAction\":[{\"@type\":\"ReadAction\",\"target\":[\"https:\\\/\\\/thefamilyoffice.ch\\\/cs\\\/nous-rejoindre\\\/\"]}]},{\"@type\":\"BreadcrumbList\",\"@id\":\"https:\\\/\\\/thefamilyoffice.ch\\\/cs\\\/nous-rejoindre\\\/#breadcrumb\",\"itemListElement\":[{\"@type\":\"ListItem\",\"position\":1,\"name\":\"Accueil\",\"item\":\"https:\\\/\\\/thefamilyoffice.ch\\\/cs\\\/\"},{\"@type\":\"ListItem\",\"position\":2,\"name\":\"Nous Rejoindre\"}]},{\"@type\":\"WebSite\",\"@id\":\"https:\\\/\\\/thefamilyoffice.ch\\\/cs\\\/#website\",\"url\":\"https:\\\/\\\/thefamilyoffice.ch\\\/cs\\\/\",\"name\":\"The Family Office\",\"description\":\"The Family Office\",\"potentialAction\":[{\"@type\":\"SearchAction\",\"target\":{\"@type\":\"EntryPoint\",\"urlTemplate\":\"https:\\\/\\\/thefamilyoffice.ch\\\/cs\\\/?s={search_term_string}\"},\"query-input\":{\"@type\":\"PropertyValueSpecification\",\"valueRequired\":true,\"valueName\":\"search_term_string\"}}],\"inLanguage\":\"cs\"}]}<\/script>\n<!-- \/ Yoast SEO Premium plugin. -->","yoast_head_json":{"title":"Nous Rejoindre - The Family Office | Conseil en Investissement et Patrimoine Prive en Suisse","description":"Nous Rejoindre - The Family Office | Conseil en Investissement et Patrimoine Prive en Suisse","robots":{"index":"index","follow":"follow","max-snippet":"max-snippet:-1","max-image-preview":"max-image-preview:large","max-video-preview":"max-video-preview:-1"},"canonical":"https:\/\/thefamilyoffice.ch\/cs\/nous-rejoindre\/","twitter_card":"summary_large_image","twitter_title":"Nous Rejoindre - The Family Office | Conseil en Investissement et Patrimoine Prive en Suisse","twitter_description":"Nous Rejoindre - The Family Office | Conseil en Investissement et Patrimoine Prive en Suisse","twitter_misc":{"Odhadovan\u00e1 doba \u010dten\u00ed":"2 minuty"},"schema":{"@context":"https:\/\/schema.org","@graph":[{"@type":"WebPage","@id":"https:\/\/thefamilyoffice.ch\/cs\/nous-rejoindre\/","url":"https:\/\/thefamilyoffice.ch\/cs\/nous-rejoindre\/","name":"Nous Rejoindre - The Family Office | Conseil en Investissement et Patrimoine Prive en Suisse","isPartOf":{"@id":"https:\/\/thefamilyoffice.ch\/cs\/#website"},"datePublished":"2024-07-17T14:59:53+00:00","description":"Nous Rejoindre - The Family Office | Conseil en Investissement et Patrimoine Prive en Suisse","breadcrumb":{"@id":"https:\/\/thefamilyoffice.ch\/cs\/nous-rejoindre\/#breadcrumb"},"inLanguage":"cs","potentialAction":[{"@type":"ReadAction","target":["https:\/\/thefamilyoffice.ch\/cs\/nous-rejoindre\/"]}]},{"@type":"BreadcrumbList","@id":"https:\/\/thefamilyoffice.ch\/cs\/nous-rejoindre\/#breadcrumb","itemListElement":[{"@type":"ListItem","position":1,"name":"Accueil","item":"https:\/\/thefamilyoffice.ch\/cs\/"},{"@type":"ListItem","position":2,"name":"Nous Rejoindre"}]},{"@type":"WebSite","@id":"https:\/\/thefamilyoffice.ch\/cs\/#website","url":"https:\/\/thefamilyoffice.ch\/cs\/","name":"The Family Office","description":"The Family Office","potentialAction":[{"@type":"SearchAction","target":{"@type":"EntryPoint","urlTemplate":"https:\/\/thefamilyoffice.ch\/cs\/?s={search_term_string}"},"query-input":{"@type":"PropertyValueSpecification","valueRequired":true,"valueName":"search_term_string"}}],"inLanguage":"cs"}]}},"_links":{"self":[{"href":"https:\/\/thefamilyoffice.ch\/cs\/wp-json\/wp\/v2\/pages\/22770","targetHints":{"allow":["GET"]}}],"collection":[{"href":"https:\/\/thefamilyoffice.ch\/cs\/wp-json\/wp\/v2\/pages"}],"about":[{"href":"https:\/\/thefamilyoffice.ch\/cs\/wp-json\/wp\/v2\/types\/page"}],"author":[{"embeddable":true,"href":"https:\/\/thefamilyoffice.ch\/cs\/wp-json\/wp\/v2\/users\/1"}],"replies":[{"embeddable":true,"href":"https:\/\/thefamilyoffice.ch\/cs\/wp-json\/wp\/v2\/comments?post=22770"}],"version-history":[{"count":0,"href":"https:\/\/thefamilyoffice.ch\/cs\/wp-json\/wp\/v2\/pages\/22770\/revisions"}],"wp:attachment":[{"href":"https:\/\/thefamilyoffice.ch\/cs\/wp-json\/wp\/v2\/media?parent=22770"}],"curies":[{"name":"wp","href":"https:\/\/api.w.org\/{rel}","templated":true}]}}