{"id":23255,"date":"2024-01-30T00:39:17","date_gmt":"2024-01-29T23:39:17","guid":{"rendered":"https:\/\/thefamilyoffice.ch\/newsletter\/"},"modified":"2024-08-18T19:06:28","modified_gmt":"2024-08-18T17:06:28","slug":"newsletter","status":"publish","type":"page","link":"https:\/\/thefamilyoffice.ch\/cs\/newsletter\/","title":{"rendered":"Newsletter in cz"},"content":{"rendered":"<div class=\"tnp tnp-subscription \">\n<form method=\"post\" action=\"https:\/\/thefamilyoffice.ch\/cs\/?na=s\">\n<input type=\"hidden\" name=\"nlang\" value=\"cs\">\n<div class=\"tnp-field tnp-field-firstname\"><label for=\"tnp-1\">P\u0159\u00edjmen\u00ed<\/label>\n<input class=\"tnp-name\" type=\"text\" name=\"nn\" id=\"tnp-1\" value=\"\" placeholder=\"\"><\/div>\n<div class=\"tnp-field tnp-field-surname\"><label for=\"tnp-2\">K\u0159estn\u00ed jm\u00e9no<\/label>\n<input class=\"tnp-surname\" type=\"text\" name=\"ns\" id=\"tnp-2\" value=\"\" placeholder=\"\"><\/div><div class=\"tnp-field tnp-field-email\"><label for=\"tnp-3\">E-mail<\/label>\n<input class=\"tnp-email\" type=\"email\" name=\"ne\" id=\"tnp-3\" value=\"\" placeholder=\"\" required><\/div>\n<div class=\"tnp-field tnp-privacy-field\"><label><input type=\"checkbox\" name=\"ny\" required class=\"tnp-privacy\"> Souhlas\u00edm se z\u00e1sadami ochrany osobn\u00edch \u00fadaj\u016f<\/label><\/div><div class=\"tnp-field tnp-field-button\" style=\"text-align: left\"><input class=\"tnp-submit\" type=\"submit\" value=\"Odeb\u00edrat\" style=\"\">\n<\/div>\n<\/form>\n<\/div>\n\n","protected":false},"excerpt":{"rendered":"<p>P\u0159\u00edjmen\u00ed K\u0159estn\u00ed jm\u00e9no E-mail Souhlas\u00edm se z\u00e1sadami ochrany osobn\u00edch \u00fadaj\u016f<\/p>\n","protected":false},"author":1,"featured_media":0,"parent":0,"menu_order":0,"comment_status":"closed","ping_status":"closed","template":"","meta":{"footnotes":""},"class_list":["post-23255","page","type-page","status-publish","hentry","description-off"],"yoast_head":"<!-- This site is optimized with the Yoast SEO Premium plugin v27.6 (Yoast SEO v27.6) - https:\/\/yoast.com\/product\/yoast-seo-premium-wordpress\/ -->\n<title>Newsletter in cz - The Family Office | Conseil en Investissement et Patrimoine Prive en Suisse<\/title>\n<meta name=\"description\" content=\"Newsletter in cz - The Family Office | Conseil en Investissement et Patrimoine Prive en Suisse\" \/>\n<meta name=\"robots\" content=\"index, nofollow, max-snippet:-1, max-image-preview:large, max-video-preview:-1\" \/>\n<link rel=\"canonical\" href=\"https:\/\/thefamilyoffice.ch\/cs\/newsletter\/\" \/>\n<meta name=\"twitter:card\" content=\"summary_large_image\" \/>\n<meta name=\"twitter:title\" content=\"Newsletter in cz - The Family Office | Conseil en Investissement et Patrimoine Prive en Suisse\" \/>\n<meta name=\"twitter:description\" content=\"Newsletter in cz - The Family Office | Conseil en Investissement et Patrimoine Prive en Suisse\" \/>\n<meta name=\"twitter:label1\" content=\"Odhadovan\u00e1 doba \u010dten\u00ed\" \/>\n\t<meta name=\"twitter:data1\" content=\"1 minuta\" \/>\n<script type=\"application\/ld+json\" class=\"yoast-schema-graph\">{\"@context\":\"https:\\\/\\\/schema.org\",\"@graph\":[{\"@type\":\"WebPage\",\"@id\":\"https:\\\/\\\/thefamilyoffice.ch\\\/cs\\\/newsletter\\\/\",\"url\":\"https:\\\/\\\/thefamilyoffice.ch\\\/cs\\\/newsletter\\\/\",\"name\":\"Newsletter in cz - The Family Office | Conseil en Investissement et Patrimoine Prive en Suisse\",\"isPartOf\":{\"@id\":\"https:\\\/\\\/thefamilyoffice.ch\\\/cs\\\/#website\"},\"datePublished\":\"2024-01-29T23:39:17+00:00\",\"dateModified\":\"2024-08-18T17:06:28+00:00\",\"description\":\"Newsletter in cz - The Family Office | Conseil en Investissement et Patrimoine Prive en Suisse\",\"breadcrumb\":{\"@id\":\"https:\\\/\\\/thefamilyoffice.ch\\\/cs\\\/newsletter\\\/#breadcrumb\"},\"inLanguage\":\"cs\",\"potentialAction\":[{\"@type\":\"ReadAction\",\"target\":[\"https:\\\/\\\/thefamilyoffice.ch\\\/cs\\\/newsletter\\\/\"]}]},{\"@type\":\"BreadcrumbList\",\"@id\":\"https:\\\/\\\/thefamilyoffice.ch\\\/cs\\\/newsletter\\\/#breadcrumb\",\"itemListElement\":[{\"@type\":\"ListItem\",\"position\":1,\"name\":\"Accueil\",\"item\":\"https:\\\/\\\/thefamilyoffice.ch\\\/cs\\\/\"},{\"@type\":\"ListItem\",\"position\":2,\"name\":\"Newsletter in cz\"}]},{\"@type\":\"WebSite\",\"@id\":\"https:\\\/\\\/thefamilyoffice.ch\\\/cs\\\/#website\",\"url\":\"https:\\\/\\\/thefamilyoffice.ch\\\/cs\\\/\",\"name\":\"The Family Office\",\"description\":\"The Family Office\",\"potentialAction\":[{\"@type\":\"SearchAction\",\"target\":{\"@type\":\"EntryPoint\",\"urlTemplate\":\"https:\\\/\\\/thefamilyoffice.ch\\\/cs\\\/?s={search_term_string}\"},\"query-input\":{\"@type\":\"PropertyValueSpecification\",\"valueRequired\":true,\"valueName\":\"search_term_string\"}}],\"inLanguage\":\"cs\"}]}<\/script>\n<!-- \/ Yoast SEO Premium plugin. -->","yoast_head_json":{"title":"Newsletter in cz - The Family Office | Conseil en Investissement et Patrimoine Prive en Suisse","description":"Newsletter in cz - The Family Office | Conseil en Investissement et Patrimoine Prive en Suisse","robots":{"index":"index","follow":"nofollow","max-snippet":"max-snippet:-1","max-image-preview":"max-image-preview:large","max-video-preview":"max-video-preview:-1"},"canonical":"https:\/\/thefamilyoffice.ch\/cs\/newsletter\/","twitter_card":"summary_large_image","twitter_title":"Newsletter in cz - The Family Office | Conseil en Investissement et Patrimoine Prive en Suisse","twitter_description":"Newsletter in cz - The Family Office | Conseil en Investissement et Patrimoine Prive en Suisse","twitter_misc":{"Odhadovan\u00e1 doba \u010dten\u00ed":"1 minuta"},"schema":{"@context":"https:\/\/schema.org","@graph":[{"@type":"WebPage","@id":"https:\/\/thefamilyoffice.ch\/cs\/newsletter\/","url":"https:\/\/thefamilyoffice.ch\/cs\/newsletter\/","name":"Newsletter in cz - The Family Office | Conseil en Investissement et Patrimoine Prive en Suisse","isPartOf":{"@id":"https:\/\/thefamilyoffice.ch\/cs\/#website"},"datePublished":"2024-01-29T23:39:17+00:00","dateModified":"2024-08-18T17:06:28+00:00","description":"Newsletter in cz - The Family Office | Conseil en Investissement et Patrimoine Prive en Suisse","breadcrumb":{"@id":"https:\/\/thefamilyoffice.ch\/cs\/newsletter\/#breadcrumb"},"inLanguage":"cs","potentialAction":[{"@type":"ReadAction","target":["https:\/\/thefamilyoffice.ch\/cs\/newsletter\/"]}]},{"@type":"BreadcrumbList","@id":"https:\/\/thefamilyoffice.ch\/cs\/newsletter\/#breadcrumb","itemListElement":[{"@type":"ListItem","position":1,"name":"Accueil","item":"https:\/\/thefamilyoffice.ch\/cs\/"},{"@type":"ListItem","position":2,"name":"Newsletter in cz"}]},{"@type":"WebSite","@id":"https:\/\/thefamilyoffice.ch\/cs\/#website","url":"https:\/\/thefamilyoffice.ch\/cs\/","name":"The Family Office","description":"The Family Office","potentialAction":[{"@type":"SearchAction","target":{"@type":"EntryPoint","urlTemplate":"https:\/\/thefamilyoffice.ch\/cs\/?s={search_term_string}"},"query-input":{"@type":"PropertyValueSpecification","valueRequired":true,"valueName":"search_term_string"}}],"inLanguage":"cs"}]}},"_links":{"self":[{"href":"https:\/\/thefamilyoffice.ch\/cs\/wp-json\/wp\/v2\/pages\/23255","targetHints":{"allow":["GET"]}}],"collection":[{"href":"https:\/\/thefamilyoffice.ch\/cs\/wp-json\/wp\/v2\/pages"}],"about":[{"href":"https:\/\/thefamilyoffice.ch\/cs\/wp-json\/wp\/v2\/types\/page"}],"author":[{"embeddable":true,"href":"https:\/\/thefamilyoffice.ch\/cs\/wp-json\/wp\/v2\/users\/1"}],"replies":[{"embeddable":true,"href":"https:\/\/thefamilyoffice.ch\/cs\/wp-json\/wp\/v2\/comments?post=23255"}],"version-history":[{"count":0,"href":"https:\/\/thefamilyoffice.ch\/cs\/wp-json\/wp\/v2\/pages\/23255\/revisions"}],"wp:attachment":[{"href":"https:\/\/thefamilyoffice.ch\/cs\/wp-json\/wp\/v2\/media?parent=23255"}],"curies":[{"name":"wp","href":"https:\/\/api.w.org\/{rel}","templated":true}]}}