{"id":22751,"date":"2024-07-17T13:37:47","date_gmt":"2024-07-17T11:37:47","guid":{"rendered":"https:\/\/thefamilyoffice.ch\/recrutement-assistante-de-direction\/"},"modified":"2024-07-17T16:12:06","modified_gmt":"2024-07-17T14:12:06","slug":"recrutement-assistante-de-direction","status":"publish","type":"page","link":"https:\/\/thefamilyoffice.ch\/de\/recrutement-assistante-de-direction\/","title":{"rendered":"Recrutement Assistant(e) de direction"},"content":{"rendered":"<div class=\"wpb-content-wrapper\"><p>[vc_row][vc_column width=&#8220;1\/2&#8243;][vc_column_text css=&#8220;&#8220;]<strong>Assistant(e) de Direction pour The Family Office<\/strong><\/p>\n<p>Vous \u00eates dynamique, organis\u00e9e et avez un sens aigu de la discr\u00e9tion ? Rejoignez <strong>The Family Office<\/strong>, un single family office, en tant qu&#8216;<strong>Assistant(e) de Direction<\/strong> !<\/p>\n<h3>Vos missions :<\/h3>\n<ul>\n<li><strong>Gestion administrative<\/strong> : Pr\u00e9paration et suivi des dossiers, gestion de l&#8217;agenda et des d\u00e9placements du directeur.<\/li>\n<li><strong>Communication<\/strong> : R\u00e9ception et tri du courrier, gestion des appels t\u00e9l\u00e9phoniques et des emails.<\/li>\n<li><strong>Organisation d&#8217;\u00e9v\u00e9nements<\/strong> : Planification et coordination des r\u00e9unions, \u00e9v\u00e9nements et voyages.<\/li>\n<li><strong>Gestion documentaire<\/strong> : Archivage, classement et mise \u00e0 jour des documents.<\/li>\n<li><strong>Soutien op\u00e9rationnel<\/strong> : Assister les \u00e9quipes dans la gestion quotidienne des projets.<\/li>\n<li><strong>Suivi financier<\/strong> : Suivi des budgets, pr\u00e9paration des rapports financiers, gestion des notes de frais et assistance dans les op\u00e9rations de comptabilit\u00e9 courante.<\/li>\n<\/ul>\n<h3>Profil recherch\u00e9 :<\/h3>\n<ul>\n<li><strong>Exp\u00e9rience<\/strong> : Minimum 3 ans d&#8217;exp\u00e9rience en tant qu&#8217;assistante de direction, id\u00e9alement dans un environnement de family office ou financier.<\/li>\n<li><strong>Comp\u00e9tences<\/strong> : Ma\u00eetrise des outils bureautiques (Word, Excel, PowerPoint), excellente communication \u00e9crite et orale.<\/li>\n<li><strong>Qualit\u00e9s personnelles<\/strong> : Discr\u00e9tion, proactivit\u00e9, rigueur, sens de l&#8217;organisation et capacit\u00e9 \u00e0 travailler sous pression.<\/li>\n<li><strong>Langues<\/strong> : Bilingue fran\u00e7ais-anglais, la ma\u00eetrise d&#8217;autres langues est un atout.<\/li>\n<\/ul>\n<h3>Ce que nous offrons :<\/h3>\n<ul>\n<li><strong>Environnement de travail<\/strong> : Un cadre de travail agr\u00e9able au sein d\u2019une \u00e9quipe dynamique et bienveillante.<\/li>\n<li><strong>Opportunit\u00e9s de formation<\/strong> : Acc\u00e8s \u00e0 des formations continues pour am\u00e9liorer vos comp\u00e9tences et connaissances.<\/li>\n<\/ul>\n<p>[\/vc_column_text][\/vc_column][vc_column width=&#8220;1\/2&#8243;]\n<div class=\"wpcf7 no-js\" id=\"wpcf7-f16127-o1\" lang=\"\" dir=\"ltr\" data-wpcf7-id=\"16127\">\n<div class=\"screen-reader-response\"><p role=\"status\" aria-live=\"polite\" aria-atomic=\"true\"><\/p> <ul><\/ul><\/div>\n<form action=\"\/de\/wp-json\/wp\/v2\/pages\/22751#wpcf7-f16127-o1\" method=\"post\" class=\"wpcf7-form init\" aria-label=\"Kontaktformular\" enctype=\"multipart\/form-data\" novalidate=\"novalidate\" data-status=\"init\">\n<fieldset class=\"hidden-fields-container\"><input type=\"hidden\" name=\"_wpcf7\" value=\"16127\" \/><input type=\"hidden\" name=\"_wpcf7_version\" value=\"6.1.5\" \/><input type=\"hidden\" name=\"_wpcf7_locale\" value=\"\" \/><input type=\"hidden\" name=\"_wpcf7_unit_tag\" value=\"wpcf7-f16127-o1\" \/><input type=\"hidden\" name=\"_wpcf7_container_post\" value=\"0\" \/><input type=\"hidden\" name=\"_wpcf7_posted_data_hash\" value=\"\" \/><input type=\"hidden\" name=\"_wpcf7_recaptcha_response\" value=\"\" \/>\n<\/fieldset>\n<p><label> Votre nom<br \/>\n<span class=\"wpcf7-form-control-wrap\" data-name=\"your-name\"><input size=\"40\" maxlength=\"400\" class=\"wpcf7-form-control wpcf7-text wpcf7-validates-as-required\" autocomplete=\"name\" aria-required=\"true\" aria-invalid=\"false\" value=\"\" type=\"text\" name=\"your-name\" \/><\/span> <\/label>\n<\/p>\n<p><label> Votre e-mail<br \/>\n<span class=\"wpcf7-form-control-wrap\" data-name=\"your-email\"><input size=\"40\" maxlength=\"400\" class=\"wpcf7-form-control wpcf7-email wpcf7-validates-as-required wpcf7-text wpcf7-validates-as-email\" autocomplete=\"email\" aria-required=\"true\" aria-invalid=\"false\" value=\"\" type=\"email\" name=\"your-email\" \/><\/span> <\/label>\n<\/p>\n<p><label> Objet<br \/>\n<span class=\"wpcf7-form-control-wrap\" data-name=\"your-subject\"><input size=\"40\" maxlength=\"400\" class=\"wpcf7-form-control wpcf7-text\" aria-invalid=\"false\" value=\"\" type=\"text\" name=\"your-subject\" \/><\/span> <\/label>\n<\/p>\n<p><label> Votre message (facultatif)<br \/>\n<span class=\"wpcf7-form-control-wrap\" data-name=\"your-message\"><textarea cols=\"40\" rows=\"10\" maxlength=\"2000\" class=\"wpcf7-form-control wpcf7-textarea\" aria-invalid=\"false\" name=\"your-message\"><\/textarea><\/span> <\/label>\n<\/p>\n<p><label> Votre CV<br \/>\n<span class=\"wpcf7-form-control-wrap\" data-name=\"Cv\"><input size=\"40\" class=\"wpcf7-form-control wpcf7-file wpcf7-validates-as-required\" accept=\".pdf,.txt,.doc,.docx\" aria-required=\"true\" aria-invalid=\"false\" type=\"file\" name=\"Cv\" \/><\/span><\/label>\n<\/p>\n<p><label> Lettre de motivation<br \/>\n<span class=\"wpcf7-form-control-wrap\" data-name=\"Lettredemotivation\"><input size=\"40\" class=\"wpcf7-form-control wpcf7-file wpcf7-validates-as-required\" accept=\".pdf,.txt,.doc,.docx\" aria-required=\"true\" aria-invalid=\"false\" type=\"file\" name=\"Lettredemotivation\" \/><\/span><\/label>\n<\/p>\n<p><label> Documents complementaires<br \/>\n<span class=\"wpcf7-form-control-wrap\" data-name=\"Documentscomplementaires\"><input size=\"40\" class=\"wpcf7-form-control wpcf7-file\" accept=\".pdf,.txt,.doc,.docx\" aria-invalid=\"false\" type=\"file\" name=\"Documentscomplementaires\" \/><\/span><\/label>\n<\/p>\n<p><input class=\"wpcf7-form-control wpcf7-submit has-spinner\" type=\"submit\" value=\"Envoyer\" \/>\n<\/p><div class=\"wpcf7-response-output\" aria-hidden=\"true\"><\/div>\n<\/form>\n<\/div>\n[\/vc_column][\/vc_row]<\/p>\n<\/div>","protected":false},"excerpt":{"rendered":"<p>[vc_row][vc_column width=&#8220;1\/2&#8243;][vc_column_text css=&#8220;&#8220;]Assistant(e) de Direction pour The Family Office Vous \u00eates dynamique, organis\u00e9e et avez un sens aigu de la discr\u00e9tion ? Rejoignez The Family Office, un single family office, en tant qu&#8216;Assistant(e) de Direction ! Vos missions : Gestion administrative : Pr\u00e9paration et suivi des dossiers, gestion de l&#8217;agenda et des d\u00e9placements du directeur.&hellip;<\/p>\n","protected":false},"author":1,"featured_media":0,"parent":0,"menu_order":0,"comment_status":"closed","ping_status":"closed","template":"","meta":{"footnotes":""},"class_list":["post-22751","page","type-page","status-publish","hentry","description-off"],"yoast_head":"<!-- This site is optimized with the Yoast SEO Premium plugin v27.6 (Yoast SEO v27.6) - https:\/\/yoast.com\/product\/yoast-seo-premium-wordpress\/ -->\n<title>Recrutement Assistant(e) de direction - The Family Office | Conseil en Investissement et Patrimoine Prive en Suisse<\/title>\n<meta name=\"description\" content=\"Recrutement Assistant(e) de direction - The Family Office | Conseil en Investissement et Patrimoine Prive en Suisse\" \/>\n<meta name=\"robots\" content=\"index, follow, max-snippet:-1, max-image-preview:large, max-video-preview:-1\" \/>\n<link rel=\"canonical\" href=\"https:\/\/thefamilyoffice.ch\/de\/recrutement-assistante-de-direction\/\" \/>\n<meta name=\"twitter:card\" content=\"summary_large_image\" \/>\n<meta name=\"twitter:title\" content=\"Recrutement Assistant(e) de direction - The Family Office | Conseil en Investissement et Patrimoine Prive en Suisse\" \/>\n<meta name=\"twitter:description\" content=\"Recrutement Assistant(e) de direction - The Family Office | Conseil en Investissement et Patrimoine Prive en Suisse\" \/>\n<meta name=\"twitter:label1\" content=\"Gesch\u00e4tzte Lesezeit\" \/>\n\t<meta name=\"twitter:data1\" content=\"2\u00a0Minuten\" \/>\n<script type=\"application\/ld+json\" class=\"yoast-schema-graph\">{\"@context\":\"https:\\\/\\\/schema.org\",\"@graph\":[{\"@type\":\"WebPage\",\"@id\":\"https:\\\/\\\/thefamilyoffice.ch\\\/de\\\/recrutement-assistante-de-direction\\\/\",\"url\":\"https:\\\/\\\/thefamilyoffice.ch\\\/de\\\/recrutement-assistante-de-direction\\\/\",\"name\":\"Recrutement Assistant(e) de direction - The Family Office | Conseil en Investissement et Patrimoine Prive en Suisse\",\"isPartOf\":{\"@id\":\"https:\\\/\\\/thefamilyoffice.ch\\\/de\\\/#website\"},\"datePublished\":\"2024-07-17T11:37:47+00:00\",\"dateModified\":\"2024-07-17T14:12:06+00:00\",\"description\":\"Recrutement Assistant(e) de direction - The Family Office | Conseil en Investissement et Patrimoine Prive en Suisse\",\"breadcrumb\":{\"@id\":\"https:\\\/\\\/thefamilyoffice.ch\\\/de\\\/recrutement-assistante-de-direction\\\/#breadcrumb\"},\"inLanguage\":\"de\",\"potentialAction\":[{\"@type\":\"ReadAction\",\"target\":[\"https:\\\/\\\/thefamilyoffice.ch\\\/de\\\/recrutement-assistante-de-direction\\\/\"]}]},{\"@type\":\"BreadcrumbList\",\"@id\":\"https:\\\/\\\/thefamilyoffice.ch\\\/de\\\/recrutement-assistante-de-direction\\\/#breadcrumb\",\"itemListElement\":[{\"@type\":\"ListItem\",\"position\":1,\"name\":\"Accueil\",\"item\":\"https:\\\/\\\/thefamilyoffice.ch\\\/de\\\/\"},{\"@type\":\"ListItem\",\"position\":2,\"name\":\"Recrutement Assistant(e) de direction\"}]},{\"@type\":\"WebSite\",\"@id\":\"https:\\\/\\\/thefamilyoffice.ch\\\/de\\\/#website\",\"url\":\"https:\\\/\\\/thefamilyoffice.ch\\\/de\\\/\",\"name\":\"The Family Office\",\"description\":\"The Family Office\",\"potentialAction\":[{\"@type\":\"SearchAction\",\"target\":{\"@type\":\"EntryPoint\",\"urlTemplate\":\"https:\\\/\\\/thefamilyoffice.ch\\\/de\\\/?s={search_term_string}\"},\"query-input\":{\"@type\":\"PropertyValueSpecification\",\"valueRequired\":true,\"valueName\":\"search_term_string\"}}],\"inLanguage\":\"de\"}]}<\/script>\n<!-- \/ Yoast SEO Premium plugin. -->","yoast_head_json":{"title":"Recrutement Assistant(e) de direction - The Family Office | Conseil en Investissement et Patrimoine Prive en Suisse","description":"Recrutement Assistant(e) de direction - The Family Office | Conseil en Investissement et Patrimoine Prive en Suisse","robots":{"index":"index","follow":"follow","max-snippet":"max-snippet:-1","max-image-preview":"max-image-preview:large","max-video-preview":"max-video-preview:-1"},"canonical":"https:\/\/thefamilyoffice.ch\/de\/recrutement-assistante-de-direction\/","twitter_card":"summary_large_image","twitter_title":"Recrutement Assistant(e) de direction - The Family Office | Conseil en Investissement et Patrimoine Prive en Suisse","twitter_description":"Recrutement Assistant(e) de direction - The Family Office | Conseil en Investissement et Patrimoine Prive en Suisse","twitter_misc":{"Gesch\u00e4tzte Lesezeit":"2\u00a0Minuten"},"schema":{"@context":"https:\/\/schema.org","@graph":[{"@type":"WebPage","@id":"https:\/\/thefamilyoffice.ch\/de\/recrutement-assistante-de-direction\/","url":"https:\/\/thefamilyoffice.ch\/de\/recrutement-assistante-de-direction\/","name":"Recrutement Assistant(e) de direction - The Family Office | Conseil en Investissement et Patrimoine Prive en Suisse","isPartOf":{"@id":"https:\/\/thefamilyoffice.ch\/de\/#website"},"datePublished":"2024-07-17T11:37:47+00:00","dateModified":"2024-07-17T14:12:06+00:00","description":"Recrutement Assistant(e) de direction - The Family Office | Conseil en Investissement et Patrimoine Prive en Suisse","breadcrumb":{"@id":"https:\/\/thefamilyoffice.ch\/de\/recrutement-assistante-de-direction\/#breadcrumb"},"inLanguage":"de","potentialAction":[{"@type":"ReadAction","target":["https:\/\/thefamilyoffice.ch\/de\/recrutement-assistante-de-direction\/"]}]},{"@type":"BreadcrumbList","@id":"https:\/\/thefamilyoffice.ch\/de\/recrutement-assistante-de-direction\/#breadcrumb","itemListElement":[{"@type":"ListItem","position":1,"name":"Accueil","item":"https:\/\/thefamilyoffice.ch\/de\/"},{"@type":"ListItem","position":2,"name":"Recrutement Assistant(e) de direction"}]},{"@type":"WebSite","@id":"https:\/\/thefamilyoffice.ch\/de\/#website","url":"https:\/\/thefamilyoffice.ch\/de\/","name":"The Family Office","description":"The Family Office","potentialAction":[{"@type":"SearchAction","target":{"@type":"EntryPoint","urlTemplate":"https:\/\/thefamilyoffice.ch\/de\/?s={search_term_string}"},"query-input":{"@type":"PropertyValueSpecification","valueRequired":true,"valueName":"search_term_string"}}],"inLanguage":"de"}]}},"_links":{"self":[{"href":"https:\/\/thefamilyoffice.ch\/de\/wp-json\/wp\/v2\/pages\/22751","targetHints":{"allow":["GET"]}}],"collection":[{"href":"https:\/\/thefamilyoffice.ch\/de\/wp-json\/wp\/v2\/pages"}],"about":[{"href":"https:\/\/thefamilyoffice.ch\/de\/wp-json\/wp\/v2\/types\/page"}],"author":[{"embeddable":true,"href":"https:\/\/thefamilyoffice.ch\/de\/wp-json\/wp\/v2\/users\/1"}],"replies":[{"embeddable":true,"href":"https:\/\/thefamilyoffice.ch\/de\/wp-json\/wp\/v2\/comments?post=22751"}],"version-history":[{"count":0,"href":"https:\/\/thefamilyoffice.ch\/de\/wp-json\/wp\/v2\/pages\/22751\/revisions"}],"wp:attachment":[{"href":"https:\/\/thefamilyoffice.ch\/de\/wp-json\/wp\/v2\/media?parent=22751"}],"curies":[{"name":"wp","href":"https:\/\/api.w.org\/{rel}","templated":true}]}}